{"id":65,"date":"2020-03-16T18:55:30","date_gmt":"2020-03-16T18:55:30","guid":{"rendered":"http:\/\/neu.annette-ernst.com\/?page_id=65"},"modified":"2023-12-22T13:59:54","modified_gmt":"2023-12-22T13:59:54","slug":"about-me","status":"publish","type":"page","link":"https:\/\/annette-ernst.com\/?page_id=65","title":{"rendered":"about me"},"content":{"rendered":"\t\t<div data-elementor-type=\"wp-page\" data-elementor-id=\"65\" class=\"elementor elementor-65\" data-elementor-post-type=\"page\">\n\t\t\t\t\t\t\t\t\t<section class=\"elementor-section elementor-top-section elementor-element elementor-element-65bb16e6 elementor-section-stretched elementor-section-full_width elementor-section-height-full elementor-section-items-top elementor-section-height-default\" data-id=\"65bb16e6\" data-element_type=\"section\" data-settings=\"{&quot;stretch_section&quot;:&quot;section-stretched&quot;,&quot;background_background&quot;:&quot;classic&quot;}\">\n\t\t\t\t\t\t\t<div class=\"elementor-background-overlay\"><\/div>\n\t\t\t\t\t\t\t<div class=\"elementor-container elementor-column-gap-default\">\n\t\t\t\t\t<div class=\"elementor-column elementor-col-100 elementor-top-column elementor-element elementor-element-2b751445\" data-id=\"2b751445\" data-element_type=\"column\">\n\t\t\t<div class=\"elementor-widget-wrap elementor-element-populated\">\n\t\t\t\t\t\t\t\t<div class=\"elementor-element elementor-element-2e735bc6 elementor-nav-menu__align-center elementor-fixed elementor-nav-menu--dropdown-none elementor-widget elementor-widget-nav-menu\" data-id=\"2e735bc6\" data-element_type=\"widget\" data-settings=\"{&quot;_position&quot;:&quot;fixed&quot;,&quot;layout&quot;:&quot;horizontal&quot;,&quot;submenu_icon&quot;:{&quot;value&quot;:&quot;&lt;i class=\\&quot;fas fa-caret-down\\&quot;&gt;&lt;\\\/i&gt;&quot;,&quot;library&quot;:&quot;fa-solid&quot;}}\" data-widget_type=\"nav-menu.default\">\n\t\t\t\t<div class=\"elementor-widget-container\">\n\t\t\t\t\t\t<nav class=\"elementor-nav-menu--main elementor-nav-menu__container elementor-nav-menu--layout-horizontal e--pointer-none\">\n\t\t\t\t<ul id=\"menu-1-2e735bc6\" class=\"elementor-nav-menu\"><li class=\"menu-item menu-item-type-post_type menu-item-object-page menu-item-home menu-item-37\"><a href=\"https:\/\/annette-ernst.com\/\" class=\"elementor-item\">home<\/a><\/li>\n<li class=\"menu-item menu-item-type-post_type menu-item-object-page menu-item-93\"><a href=\"https:\/\/annette-ernst.com\/?page_id=82\" class=\"elementor-item\">news<\/a><\/li>\n<li class=\"menu-item menu-item-type-post_type menu-item-object-page menu-item-77\"><a href=\"https:\/\/annette-ernst.com\/?page_id=65\" class=\"elementor-item\">about me<\/a><\/li>\n<li class=\"menu-item menu-item-type-post_type menu-item-object-page menu-item-76\"><a href=\"https:\/\/annette-ernst.com\/?page_id=67\" class=\"elementor-item\">work<\/a><\/li>\n<li class=\"menu-item menu-item-type-post_type menu-item-object-page menu-item-75\"><a href=\"https:\/\/annette-ernst.com\/?page_id=73\" class=\"elementor-item\">contact<\/a><\/li>\n<\/ul>\t\t\t<\/nav>\n\t\t\t\t\t\t<nav class=\"elementor-nav-menu--dropdown elementor-nav-menu__container\" aria-hidden=\"true\">\n\t\t\t\t<ul id=\"menu-2-2e735bc6\" class=\"elementor-nav-menu\"><li class=\"menu-item menu-item-type-post_type menu-item-object-page menu-item-home menu-item-37\"><a href=\"https:\/\/annette-ernst.com\/\" class=\"elementor-item\" tabindex=\"-1\">home<\/a><\/li>\n<li class=\"menu-item menu-item-type-post_type menu-item-object-page menu-item-93\"><a href=\"https:\/\/annette-ernst.com\/?page_id=82\" class=\"elementor-item\" tabindex=\"-1\">news<\/a><\/li>\n<li class=\"menu-item menu-item-type-post_type menu-item-object-page menu-item-77\"><a href=\"https:\/\/annette-ernst.com\/?page_id=65\" class=\"elementor-item\" tabindex=\"-1\">about me<\/a><\/li>\n<li class=\"menu-item menu-item-type-post_type menu-item-object-page menu-item-76\"><a href=\"https:\/\/annette-ernst.com\/?page_id=67\" class=\"elementor-item\" tabindex=\"-1\">work<\/a><\/li>\n<li class=\"menu-item menu-item-type-post_type menu-item-object-page menu-item-75\"><a href=\"https:\/\/annette-ernst.com\/?page_id=73\" class=\"elementor-item\" tabindex=\"-1\">contact<\/a><\/li>\n<\/ul>\t\t\t<\/nav>\n\t\t\t\t<\/div>\n\t\t\t\t<\/div>\n\t\t\t\t<div class=\"elementor-element elementor-element-5ecd73e elementor-widget__width-initial elementor-fixed elementor-widget elementor-widget-image\" data-id=\"5ecd73e\" data-element_type=\"widget\" data-settings=\"{&quot;_position&quot;:&quot;fixed&quot;}\" data-widget_type=\"image.default\">\n\t\t\t\t<div class=\"elementor-widget-container\">\n\t\t\t\t\t\t\t\t\t\t\t\t\t\t\t<img decoding=\"async\" loading=\"lazy\" width=\"40\" height=\"318\" src=\"https:\/\/annette-ernst.com\/wp-content\/uploads\/2020\/03\/annette-ernst_05.png\" class=\"attachment-large size-large wp-image-147\" alt=\"\" \/>\t\t\t\t\t\t\t\t\t\t\t\t\t\t\t<\/div>\n\t\t\t\t<\/div>\n\t\t\t\t<div class=\"elementor-element elementor-element-6c9413c5 elementor-widget elementor-widget-heading\" data-id=\"6c9413c5\" data-element_type=\"widget\" data-widget_type=\"heading.default\">\n\t\t\t\t<div class=\"elementor-widget-container\">\n\t\t\t<h2 class=\"elementor-heading-title elementor-size-default\">Who am I?\n<\/h2>\t\t<\/div>\n\t\t\t\t<\/div>\n\t\t\t\t<div class=\"elementor-element elementor-element-b4a18ee elementor-widget__width-initial elementor-fixed elementor-widget elementor-widget-image\" data-id=\"b4a18ee\" data-element_type=\"widget\" data-settings=\"{&quot;_position&quot;:&quot;fixed&quot;}\" data-widget_type=\"image.default\">\n\t\t\t\t<div class=\"elementor-widget-container\">\n\t\t\t\t\t\t\t\t\t\t\t\t\t\t\t\t<a href=\"https:\/\/annette-ernst.com\/?page_id=194\">\n\t\t\t\t\t\t\t<img decoding=\"async\" loading=\"lazy\" width=\"56\" height=\"278\" src=\"https:\/\/annette-ernst.com\/wp-content\/uploads\/2020\/03\/impressum-1.png\" class=\"attachment-large size-large wp-image-424\" alt=\"\" \/>\t\t\t\t\t\t\t\t<\/a>\n\t\t\t\t\t\t\t\t\t\t\t\t\t\t\t<\/div>\n\t\t\t\t<\/div>\n\t\t\t\t<div class=\"elementor-element elementor-element-a21a261 elementor-widget elementor-widget-text-editor\" data-id=\"a21a261\" data-element_type=\"widget\" data-widget_type=\"text-editor.default\">\n\t\t\t\t<div class=\"elementor-widget-container\">\n\t\t\t\t\t\t\t<p>In Frankfurt und Paris Germanistik, Romanistik und Theater, Film und TV-Wissenschaften studiert. W\u00e4hrenddessen im TV des Hessischen Rundfunk das Wetter moderiert. In der Drehbuchwerkstatt M\u00fcnchen eine Geschichte \u00fcber zwei lesbische Wasserschutzpolizistinnen mit Kinderwunsch geschrieben. Mit meinem Kinodeb\u00fct \u201e<u><a href=\"https:\/\/de.wikipedia.org\/wiki\/Kiss_and_Run\">Kiss and Run<\/a><\/u>\u201c den Adolf-Grimme-Preis bekommen.<\/p><p>2003 mit Freunden die\u00a0<u><a href=\"http:\/\/www.stokedfilm.com\/\">STOKED FILM\u00a0<\/a><\/u>gegr\u00fcndet und seitdem mehr als 15 pr\u00e4mierte Fernseh- und Dokumentarfilme realisiert. \u00a0Darunter \u201e<u><a href=\"https:\/\/de.wikipedia.org\/wiki\/Mein_erster_Freund,_Mutter_und_ich\">Mein erster Freund, Mutter und Ich<\/a><\/u>\u201c, der Grimmepreis nominiert in die ganze Welt verkauft wurde. Mit \u201e<u><a href=\"https:\/\/de.wikipedia.org\/wiki\/Deutsch-Les-Landes\">Deutsch-Les Landes<\/a><\/u>\u201c 2018 bei einer internationalen Serie (deutsch-franz\u00f6sisch) Regie gef\u00fchrt.\u00a0<\/p><ul><li>2014 mit Kolleginnen <a href=\"http:\/\/www.proquote-regie.de\/regisseurinnen\/\" target=\"_blank\" rel=\"noopener\">Pro Quote Regie<\/a> gegr\u00fcndet.<\/li><li>Seit 2015 hin und wieder Dozentin an der HFG Offenbach und an der iSFF Berlin<\/li><li>Von 2014-2016 in der Drehbuchjury der FFA.<\/li><li>Von 2016-2021 Mitglied in der Vergabejury der Hessen-Film.<\/li><\/ul><h2><a href=\"https:\/\/annette-ernst.com\/?page_id=733\">-&gt; PRESSESTIMMEN<\/a><\/h2>\t\t\t\t\t\t<\/div>\n\t\t\t\t<\/div>\n\t\t\t\t<section class=\"elementor-section elementor-inner-section elementor-element elementor-element-b4ddb79 elementor-section-full_width elementor-section-height-default elementor-section-height-default\" data-id=\"b4ddb79\" data-element_type=\"section\">\n\t\t\t\t\t\t<div class=\"elementor-container elementor-column-gap-no\">\n\t\t\t\t\t<div class=\"elementor-column elementor-col-20 elementor-inner-column elementor-element elementor-element-d6b7c7d\" data-id=\"d6b7c7d\" data-element_type=\"column\">\n\t\t\t<div class=\"elementor-widget-wrap\">\n\t\t\t\t\t\t\t\t\t<\/div>\n\t\t<\/div>\n\t\t\t\t<div class=\"elementor-column elementor-col-20 elementor-inner-column elementor-element elementor-element-c2dcc2c\" data-id=\"c2dcc2c\" data-element_type=\"column\">\n\t\t\t<div class=\"elementor-widget-wrap elementor-element-populated\">\n\t\t\t\t\t\t\t\t<div class=\"elementor-element elementor-element-d44c351 elementor-widget elementor-widget-image\" data-id=\"d44c351\" data-element_type=\"widget\" data-widget_type=\"image.default\">\n\t\t\t\t<div class=\"elementor-widget-container\">\n\t\t\t\t\t\t\t\t\t\t\t\t\t\t\t\t<a href=\"https:\/\/www.deutsche-filmakademie.de\/mitglieder\/764\/\" target=\"_blank\">\n\t\t\t\t\t\t\t<img decoding=\"async\" loading=\"lazy\" width=\"1000\" height=\"347\" src=\"https:\/\/annette-ernst.com\/wp-content\/uploads\/2023\/12\/1000px-Deutsche_Filmakademie_logo.svg_.png\" class=\"attachment-large size-large wp-image-1798\" alt=\"\" srcset=\"https:\/\/annette-ernst.com\/wp-content\/uploads\/2023\/12\/1000px-Deutsche_Filmakademie_logo.svg_.png 1000w, https:\/\/annette-ernst.com\/wp-content\/uploads\/2023\/12\/1000px-Deutsche_Filmakademie_logo.svg_-300x104.png 300w, https:\/\/annette-ernst.com\/wp-content\/uploads\/2023\/12\/1000px-Deutsche_Filmakademie_logo.svg_-768x266.png 768w\" sizes=\"(max-width: 1000px) 100vw, 1000px\" \/>\t\t\t\t\t\t\t\t<\/a>\n\t\t\t\t\t\t\t\t\t\t\t\t\t\t\t<\/div>\n\t\t\t\t<\/div>\n\t\t\t\t\t<\/div>\n\t\t<\/div>\n\t\t\t\t<div class=\"elementor-column elementor-col-20 elementor-inner-column elementor-element elementor-element-57c4203\" data-id=\"57c4203\" data-element_type=\"column\">\n\t\t\t<div class=\"elementor-widget-wrap elementor-element-populated\">\n\t\t\t\t\t\t\t\t<div class=\"elementor-element elementor-element-ebc37da elementor-widget__width-initial elementor-widget elementor-widget-image\" data-id=\"ebc37da\" data-element_type=\"widget\" data-widget_type=\"image.default\">\n\t\t\t\t<div class=\"elementor-widget-container\">\n\t\t\t\t\t\t\t\t\t\t\t\t\t\t\t\t<a href=\"https:\/\/www.imdb.com\/name\/nm0259678\/?ref_=fn_al_nm_1\" target=\"_blank\">\n\t\t\t\t\t\t\t<img decoding=\"async\" loading=\"lazy\" width=\"184\" height=\"96\" src=\"https:\/\/annette-ernst.com\/wp-content\/uploads\/2023\/12\/IMDb.png\" class=\"attachment-large size-large wp-image-1757\" alt=\"\" \/>\t\t\t\t\t\t\t\t<\/a>\n\t\t\t\t\t\t\t\t\t\t\t\t\t\t\t<\/div>\n\t\t\t\t<\/div>\n\t\t\t\t\t<\/div>\n\t\t<\/div>\n\t\t\t\t<div class=\"elementor-column elementor-col-20 elementor-inner-column elementor-element elementor-element-69df154\" data-id=\"69df154\" data-element_type=\"column\">\n\t\t\t<div class=\"elementor-widget-wrap elementor-element-populated\">\n\t\t\t\t\t\t\t\t<div class=\"elementor-element elementor-element-8aa55ed elementor-widget elementor-widget-image\" data-id=\"8aa55ed\" data-element_type=\"widget\" data-widget_type=\"image.default\">\n\t\t\t\t<div class=\"elementor-widget-container\">\n\t\t\t\t\t\t\t\t\t\t\t\t\t\t\t\t<a href=\"https:\/\/www.crew-united.com\/de\/Annette-Ernst_10345.html#!searchterm=Annette%20Ernst\" target=\"_blank\">\n\t\t\t\t\t\t\t<img decoding=\"async\" loading=\"lazy\" width=\"470\" height=\"122\" src=\"https:\/\/annette-ernst.com\/wp-content\/uploads\/2023\/12\/crew-united.png\" class=\"attachment-large size-large wp-image-1756\" alt=\"\" srcset=\"https:\/\/annette-ernst.com\/wp-content\/uploads\/2023\/12\/crew-united.png 470w, https:\/\/annette-ernst.com\/wp-content\/uploads\/2023\/12\/crew-united-300x78.png 300w\" sizes=\"(max-width: 470px) 100vw, 470px\" \/>\t\t\t\t\t\t\t\t<\/a>\n\t\t\t\t\t\t\t\t\t\t\t\t\t\t\t<\/div>\n\t\t\t\t<\/div>\n\t\t\t\t\t<\/div>\n\t\t<\/div>\n\t\t\t\t<div class=\"elementor-column elementor-col-20 elementor-inner-column elementor-element elementor-element-4493eca\" data-id=\"4493eca\" data-element_type=\"column\">\n\t\t\t<div class=\"elementor-widget-wrap elementor-element-populated\">\n\t\t\t\t\t\t\t\t<div class=\"elementor-element elementor-element-4ad5420 elementor-widget__width-initial elementor-view-default elementor-widget elementor-widget-icon\" data-id=\"4ad5420\" data-element_type=\"widget\" data-widget_type=\"icon.default\">\n\t\t\t\t<div class=\"elementor-widget-container\">\n\t\t\t\t\t<div class=\"elementor-icon-wrapper\">\n\t\t\t<a class=\"elementor-icon\" href=\"https:\/\/www.facebook.com\/annette.ernst.188\" target=\"_blank\">\n\t\t\t<i aria-hidden=\"true\" class=\"fab fa-facebook-f\"><\/i>\t\t\t<\/a>\n\t\t<\/div>\n\t\t\t\t<\/div>\n\t\t\t\t<\/div>\n\t\t\t\t\t<\/div>\n\t\t<\/div>\n\t\t\t\t\t\t\t<\/div>\n\t\t<\/section>\n\t\t\t\t<div class=\"elementor-element elementor-element-6fa0b2a cpel-switcher--layout-vertical cpel-switcher--align-right elementor-fixed elementor-widget__width-initial elementor-widget elementor-widget-polylang-language-switcher\" data-id=\"6fa0b2a\" data-element_type=\"widget\" data-settings=\"{&quot;_position&quot;:&quot;fixed&quot;}\" data-widget_type=\"polylang-language-switcher.default\">\n\t\t\t\t<div class=\"elementor-widget-container\">\n\t\t\t<nav class=\"cpel-switcher__nav\"><ul class=\"cpel-switcher__list\"><li class=\"cpel-switcher__lang\"><a lang=\"de-DE\" hreflang=\"de-DE\" href=\"https:\/\/annette-ernst.com\/?page_id=65\"><span class=\"cpel-switcher__code\">DE<\/span><\/a><\/li><li class=\"cpel-switcher__lang\"><a lang=\"en-US\" hreflang=\"en-US\" href=\"https:\/\/annette-ernst.com\/?page_id=519&#038;lang=en\"><span class=\"cpel-switcher__code\">EN<\/span><\/a><\/li><\/ul><\/nav>\t\t<\/div>\n\t\t\t\t<\/div>\n\t\t\t\t\t<\/div>\n\t\t<\/div>\n\t\t\t\t\t\t\t<\/div>\n\t\t<\/section>\n\t\t\t\t\t\t\t<\/div>\n\t\t","protected":false},"excerpt":{"rendered":"<p>Who am I? In Frankfurt und Paris Germanistik, Romanistik und Theater, Film und TV-Wissenschaften studiert. W\u00e4hrenddessen im TV des Hessischen Rundfunk das Wetter moderiert. In der Drehbuchwerkstatt M\u00fcnchen eine Geschichte \u00fcber zwei lesbische Wasserschutzpolizistinnen mit Kinderwunsch geschrieben. Mit meinem Kinodeb\u00fct \u201eKiss and Run\u201c den Adolf-Grimme-Preis bekommen. 2003 mit Freunden die\u00a0STOKED FILM\u00a0gegr\u00fcndet und seitdem mehr als [&hellip;]<\/p>\n","protected":false},"author":1,"featured_media":0,"parent":0,"menu_order":0,"comment_status":"closed","ping_status":"closed","template":"elementor_canvas","meta":{"footnotes":""},"_links":{"self":[{"href":"https:\/\/annette-ernst.com\/index.php?rest_route=\/wp\/v2\/pages\/65"}],"collection":[{"href":"https:\/\/annette-ernst.com\/index.php?rest_route=\/wp\/v2\/pages"}],"about":[{"href":"https:\/\/annette-ernst.com\/index.php?rest_route=\/wp\/v2\/types\/page"}],"author":[{"embeddable":true,"href":"https:\/\/annette-ernst.com\/index.php?rest_route=\/wp\/v2\/users\/1"}],"replies":[{"embeddable":true,"href":"https:\/\/annette-ernst.com\/index.php?rest_route=%2Fwp%2Fv2%2Fcomments&post=65"}],"version-history":[{"count":75,"href":"https:\/\/annette-ernst.com\/index.php?rest_route=\/wp\/v2\/pages\/65\/revisions"}],"predecessor-version":[{"id":1825,"href":"https:\/\/annette-ernst.com\/index.php?rest_route=\/wp\/v2\/pages\/65\/revisions\/1825"}],"wp:attachment":[{"href":"https:\/\/annette-ernst.com\/index.php?rest_route=%2Fwp%2Fv2%2Fmedia&parent=65"}],"curies":[{"name":"wp","href":"https:\/\/api.w.org\/{rel}","templated":true}]}}